{"id":1595,"date":"2025-11-13T09:48:37","date_gmt":"2025-11-13T08:48:37","guid":{"rendered":"https:\/\/www.sillabi.com\/?page_id=1595"},"modified":"2025-11-13T09:48:38","modified_gmt":"2025-11-13T08:48:38","slug":"conditions-generales","status":"publish","type":"page","link":"https:\/\/www.sillabi.com\/fr\/conditions-generales\/","title":{"rendered":"Conditions g\u00e9n\u00e9rales"},"content":{"rendered":"\n<h3 class=\"wp-block-heading\">Conditions<\/h3>\n\n\n\n<p>En acc\u00e9dant au site<a href=\"https:\/\/www.sillabi.com\/fr\/\"> https:\/\/sillabi.com<\/a>, vous acceptez d\u2019\u00eatre li\u00e9 par les pr\u00e9sentes conditions d\u2019utilisation, ainsi que par les lois et r\u00e9glementations applicables, et vous vous engagez \u00e0 respecter la l\u00e9gislation locale en vigueur.&nbsp;<\/p>\n\n\n\n<p>Sillabi.com est une marque d\u00e9pos\u00e9e et exploit\u00e9e par Capturator S.r.l., dont le si\u00e8ge social est situ\u00e9 Via di Porta Maggiore 77a, 00185 Rome, Italie, Num\u00e9ro REA 952028, Num\u00e9ro de TVA IT-06160381007. Capturator S.r.l. est le d\u00e9tenteur exclusif de la marque, du domaine, des contenus, logiciels, bases de donn\u00e9es et ressources p\u00e9dagogiques accessibles via le site et l\u2019application web. <\/p>\n\n\n\n<p>Si vous n&#8217;acceptez pas l&#8217;une de ces conditions, il vous est interdit d&#8217;utiliser ou d&#8217;acc\u00e9der \u00e0 ce site. Le contenu de ce site est prot\u00e9g\u00e9 par les lois applicables en mati\u00e8re de droits d\u2019auteur et de marques.<\/p>\n\n\n\n<h3 class=\"wp-block-heading\">Propri\u00e9t\u00e9 intellectuelle<\/h3>\n\n\n\n<p>Tous les contenus, supports p\u00e9dagogiques, logiciels, bases de donn\u00e9es, textes, images, sons, vid\u00e9os et structures de cours disponibles sur Sillabi.com et dans son application web sont la propri\u00e9t\u00e9 exclusive de Capturator S.r.l. ou de ses conc\u00e9dants. Toute reproduction, distribution, communication publique, d\u00e9compilation, extraction, r\u00e9utilisation ou utilisation non autoris\u00e9e, totale ou partielle, est strictement interdite sans autorisation \u00e9crite pr\u00e9alable.<\/p>\n\n\n\n<h3 class=\"wp-block-heading\">Licence d\u2019utilisation<\/h3>\n\n\n\n<p>Il est permis de t\u00e9l\u00e9charger temporairement une copie des contenus (informations ou logiciels) disponibles sur le site Sillabi.com uniquement pour un usage personnel, non commercial et \u00e0 des fins de consultation temporaire. Il s\u2019agit d\u2019une licence, non d\u2019un transfert de propri\u00e9t\u00e9. En vertu de cette licence, il vous est interdit :<\/p>\n\n\n\n<ul class=\"wp-block-list\">\n<li>de modifier ou copier les contenus ;<\/li>\n\n\n\n<li>d\u2019utiliser les contenus \u00e0 des fins commerciales ou pour une diffusion publique (commerciale ou non) ;<\/li>\n\n\n\n<li>de tenter de d\u00e9compiler ou de r\u00e9tro-concevoir tout logiciel pr\u00e9sent sur le site ;<\/li>\n\n\n\n<li>de supprimer toute mention de copyright ou de propri\u00e9t\u00e9 ; ou<\/li>\n\n\n\n<li>de transf\u00e9rer les contenus \u00e0 une autre personne ou de les reproduire sur un autre serveur.<\/li>\n<\/ul>\n\n\n\n<p>Cette licence prendra automatiquement fin en cas de non-respect des restrictions ci-dessus et peut \u00eatre r\u00e9voqu\u00e9e par Capturator \u00e0 tout moment. \u00c0 la fin de votre consultation de ces documents ou \u00e0 la cessation de cette licence, vous devez d\u00e9truire tous les documents t\u00e9l\u00e9charg\u00e9s en votre possession, qu&#8217;ils soient sous forme \u00e9lectronique ou imprim\u00e9e.<\/p>\n\n\n\n<h3 class=\"wp-block-heading\">Clause de non-responsabilit\u00e9<\/h3>\n\n\n\n<p>Les contenus du site Sillabi.com sont fournis \u201ctels quels\u201d. Capturator ne donne aucune garantie, explicite ou implicite, et d\u00e9cline et rejette par la pr\u00e9sente toute autre garantie, y compris, sans limitation, les garanties ou conditions implicites de qualit\u00e9 marchande, d&#8217;ad\u00e9quation \u00e0 un usage particulier, ou de non-violation de la propri\u00e9t\u00e9 intellectuelle ou d&#8217;autres droits.&nbsp;<\/p>\n\n\n\n<p>En outre, Capturator ne garantit ni ne fait aucune d\u00e9claration concernant l&#8217;exactitude, les r\u00e9sultats probables ou la fiabilit\u00e9 de l&#8217;utilisation des \u00e9l\u00e9ments figurant sur son site web ou li\u00e9s \u00e0 ces \u00e9l\u00e9ments ou \u00e0 tout autre site li\u00e9 \u00e0 ce site.<\/p>\n\n\n\n<h3 class=\"wp-block-heading\">Limitation de responsabilit\u00e9<\/h3>\n\n\n\n<p>En aucun cas, Capturator ou ses fournisseurs ne pourront \u00eatre tenus responsables de tout dommage (y compris, sans limitation, les dommages li\u00e9s \u00e0 la perte de donn\u00e9es ou de profits, ou dus \u00e0 une interruption d&#8217;activit\u00e9) r\u00e9sultant de l&#8217;utilisation ou de l&#8217;impossibilit\u00e9 d&#8217;utiliser les contenus du site web Sillabi.com, m\u00eame si Capturator ou un repr\u00e9sentant autoris\u00e9 de Capturator a \u00e9t\u00e9 inform\u00e9 oralement ou par \u00e9crit de la possibilit\u00e9 d&#8217;un tel dommage.&nbsp;<\/p>\n\n\n\n<p>Certaines juridictions n&#8217;autorisant pas les limitations sur les garanties implicites ou les limitations de responsabilit\u00e9 pour les dommages cons\u00e9cutifs ou accessoires, ces limitations peuvent ne pas s&#8217;appliquer \u00e0 vous.<\/p>\n\n\n\n<h3 class=\"wp-block-heading\">Exactitude des contenus<\/h3>\n\n\n\n<p>Les contenus publi\u00e9s sur le site Web Sillabi.com peuvent contenir des erreurs techniques, typographiques ou photographiques. Capturator ne garantit pas que les contenus publi\u00e9s sur son site Web sont exacts, complets ou \u00e0 jour. Capturator peut modifier les contenus publi\u00e9s sur son site Web \u00e0 tout moment et sans pr\u00e9avis. Capturator d\u00e9cline toutefois toute obligation de mettre \u00e0 jour ces contenus.<\/p>\n\n\n\n<h3 class=\"wp-block-heading\">Images et marques de tiers<\/h3>\n\n\n\n<p>Certaines images, illustrations ou \u00e9l\u00e9ments visuels affich\u00e9s sur Sillabi.com et dans l\u2019application web peuvent provenir de services tiers ou de banques d\u2019images conform\u00e9ment \u00e0 leurs licences d\u2019utilisation respectives.<br>Capturator S.r.l. veille \u00e0 n\u2019utiliser que des contenus visuels disposant de licences valides et conformes \u00e0 la l\u00e9gislation sur le droit d\u2019auteur.<br>Toute marque, logo ou d\u00e9nomination commerciale appartenant \u00e0 des tiers et cit\u00e9e ou repr\u00e9sent\u00e9e dans les contenus p\u00e9dagogiques, les exercices ou le mat\u00e9riel illustratif demeure la propri\u00e9t\u00e9 de son titulaire l\u00e9gitime. Leur pr\u00e9sence a une finalit\u00e9 exclusivement descriptive ou p\u00e9dagogique et n\u2019implique aucune affiliation, approbation ou parrainage de la part des titulaires de droits.<\/p>\n\n\n\n<h3 class=\"wp-block-heading\">Liens<\/h3>\n\n\n\n<p>Capturator n\u2019a pas examin\u00e9 tous les sites li\u00e9s au sien et d\u00e9cline toute responsabilit\u00e9 quant \u00e0 leur contenu. La pr\u00e9sence d\u2019un lien n\u2019implique pas l\u2019approbation du site li\u00e9. L\u2019utilisation des sites tiers se fait aux risques de l\u2019utilisateur.<\/p>\n\n\n\n<h3 class=\"wp-block-heading\">Modifications<\/h3>\n\n\n\n<p>Capturator peut modifier ces conditions d\u2019utilisation \u00e0 tout moment et sans pr\u00e9avis. En utilisant ce site, vous acceptez la version en vigueur des conditions.<\/p>\n\n\n\n<h3 class=\"wp-block-heading\">Loi applicable<\/h3>\n\n\n\n<p>Les pr\u00e9sentes conditions sont r\u00e9gies par les lois italiennes. Vous acceptez irr\u00e9vocablement la comp\u00e9tence exclusive des tribunaux italiens.<\/p>\n","protected":false},"excerpt":{"rendered":"<p>Conditions En acc\u00e9dant au site https:\/\/sillabi.com, vous acceptez d\u2019\u00eatre li\u00e9 par les pr\u00e9sentes conditions d\u2019utilisation, ainsi que [&hellip;]<\/p>\n","protected":false},"author":4,"featured_media":0,"parent":0,"menu_order":0,"comment_status":"closed","ping_status":"closed","template":"","meta":{"footnotes":""},"class_list":["post-1595","page","type-page","status-publish","hentry"],"_links":{"self":[{"href":"https:\/\/www.sillabi.com\/fr\/wp-json\/wp\/v2\/pages\/1595","targetHints":{"allow":["GET"]}}],"collection":[{"href":"https:\/\/www.sillabi.com\/fr\/wp-json\/wp\/v2\/pages"}],"about":[{"href":"https:\/\/www.sillabi.com\/fr\/wp-json\/wp\/v2\/types\/page"}],"author":[{"embeddable":true,"href":"https:\/\/www.sillabi.com\/fr\/wp-json\/wp\/v2\/users\/4"}],"replies":[{"embeddable":true,"href":"https:\/\/www.sillabi.com\/fr\/wp-json\/wp\/v2\/comments?post=1595"}],"version-history":[{"count":5,"href":"https:\/\/www.sillabi.com\/fr\/wp-json\/wp\/v2\/pages\/1595\/revisions"}],"predecessor-version":[{"id":1638,"href":"https:\/\/www.sillabi.com\/fr\/wp-json\/wp\/v2\/pages\/1595\/revisions\/1638"}],"wp:attachment":[{"href":"https:\/\/www.sillabi.com\/fr\/wp-json\/wp\/v2\/media?parent=1595"}],"curies":[{"name":"wp","href":"https:\/\/api.w.org\/{rel}","templated":true}]}}