{"id":1524,"date":"2025-10-15T13:24:04","date_gmt":"2025-10-15T11:24:04","guid":{"rendered":"https:\/\/www.sillabi.com\/who-we-are\/"},"modified":"2025-10-15T13:28:40","modified_gmt":"2025-10-15T11:28:40","slug":"who-we-are","status":"publish","type":"page","link":"https:\/\/www.sillabi.com\/fr\/who-we-are\/","title":{"rendered":"Qui nous sommes"},"content":{"rendered":"\n<h2 class=\"wp-block-heading\">Faites confiance \u00e0 notre \u00e9quipe d&#8217;experts!<\/h2>\n\n\n\n<p>Avec Sillabi vous pouvez compter sur des contenus de haute qualit\u00e9 cr\u00e9\u00e9s per des auteurs de langue maternelle avec une m\u00e9thode d&#8217;apprentissage structur\u00e9e, d\u00e9velopp\u00e9e par une \u00e9quipe avec vingt ans d&#8217;exp\u00e9rience dans l&#8217;apprentissage des langues en ligne.<\/p>\n\n\n\n<h2 class=\"wp-block-heading\">Qui sommes-nous ?<\/h2>\n\n\n\n<p>Sillabi est la nouvelle plateforme pour l&#8217;apprentissage des langues de la soci\u00e9t\u00e9 <a href=\"http:\/\/www.capturator.com\" target=\"_blank\" rel=\"noreferrer noopener\">Capturator<\/a> qui op\u00e8re depuis 20 ans dans le domaine de l&#8217;e-learning avec la production de contenus linguistisques pour les entreprises et les universit\u00e9s. Avec Sillabi, nos cours, d\u00e9j\u00e0 choisis par de nombreux op\u00e9rateurs du monde de l&#8217;\u00e9ducation pour la qualit\u00e9 didactique des contenus, sont disponibles \u00e9galement pour les particuliers.<\/p>\n\n\n\n<figure class=\"wp-block-image size-full\"><img loading=\"lazy\" decoding=\"async\" width=\"1020\" height=\"860\" src=\"https:\/\/www.sillabi.com\/wp-content\/uploads\/2025\/10\/bulding@2x.png\" alt=\"\" class=\"wp-image-1516\"\/><\/figure>\n","protected":false},"excerpt":{"rendered":"<p>Faites confiance \u00e0 notre \u00e9quipe d&#8217;experts! Avec Sillabi vous pouvez compter sur des contenus de haute qualit\u00e9 [&hellip;]<\/p>\n","protected":false},"author":1,"featured_media":0,"parent":0,"menu_order":0,"comment_status":"closed","ping_status":"closed","template":"","meta":{"footnotes":""},"class_list":["post-1524","page","type-page","status-publish","hentry"],"_links":{"self":[{"href":"https:\/\/www.sillabi.com\/fr\/wp-json\/wp\/v2\/pages\/1524","targetHints":{"allow":["GET"]}}],"collection":[{"href":"https:\/\/www.sillabi.com\/fr\/wp-json\/wp\/v2\/pages"}],"about":[{"href":"https:\/\/www.sillabi.com\/fr\/wp-json\/wp\/v2\/types\/page"}],"author":[{"embeddable":true,"href":"https:\/\/www.sillabi.com\/fr\/wp-json\/wp\/v2\/users\/1"}],"replies":[{"embeddable":true,"href":"https:\/\/www.sillabi.com\/fr\/wp-json\/wp\/v2\/comments?post=1524"}],"version-history":[{"count":1,"href":"https:\/\/www.sillabi.com\/fr\/wp-json\/wp\/v2\/pages\/1524\/revisions"}],"predecessor-version":[{"id":1530,"href":"https:\/\/www.sillabi.com\/fr\/wp-json\/wp\/v2\/pages\/1524\/revisions\/1530"}],"wp:attachment":[{"href":"https:\/\/www.sillabi.com\/fr\/wp-json\/wp\/v2\/media?parent=1524"}],"curies":[{"name":"wp","href":"https:\/\/api.w.org\/{rel}","templated":true}]}}