{"id":1526,"date":"2025-10-15T13:24:04","date_gmt":"2025-10-15T11:24:04","guid":{"rendered":"https:\/\/www.sillabi.com\/who-we-are\/"},"modified":"2025-10-15T13:31:14","modified_gmt":"2025-10-15T11:31:14","slug":"who-we-are","status":"publish","type":"page","link":"https:\/\/www.sillabi.com\/es\/who-we-are\/","title":{"rendered":"Quienes somos"},"content":{"rendered":"\n<h2 class=\"wp-block-heading\">D\u00e8jate guiar por un equipo de expertos<\/h2>\n\n\n\n<p>Con Sillabi est\u00e0s seguro de tener contenidos de alta calidad concebidos por autores nativos con una amplia experiencia en el aprendizaje de los idiomas on-line.<\/p>\n\n\n\n<h2 class=\"wp-block-heading\">Sobre nosotros\u2026<\/h2>\n\n\n\n<p>Sillabi es la plataforma nueva para el aprendizaje de los idiomas de la sociedad <a href=\"http:\/\/www.capturator.com\" target=\"_blank\" rel=\"noreferrer noopener\">Capturator<\/a> que est\u00e1 presente desde m\u00e0s de 20 a\u00f1os en el campo del e-learning con la producci\u00f2n de contenidos ling\u00fc\u00edsticos para las empresas y las universidades. Con Sillabi los privados pueden acceder tambi\u00e8n a nuestros cursos elegidos por muchos actores en el campo de la educaci\u00f2n por la calidad did\u00e0ctica de los contenidos.<\/p>\n\n\n\n<figure class=\"wp-block-image size-full\"><img loading=\"lazy\" decoding=\"async\" width=\"1020\" height=\"860\" src=\"https:\/\/www.sillabi.com\/wp-content\/uploads\/2025\/10\/bulding@2x.png\" alt=\"\" class=\"wp-image-1516\"\/><\/figure>\n","protected":false},"excerpt":{"rendered":"<p>D\u00e8jate guiar por un equipo de expertos Con Sillabi est\u00e0s seguro de tener contenidos de alta calidad [&hellip;]<\/p>\n","protected":false},"author":1,"featured_media":0,"parent":0,"menu_order":0,"comment_status":"closed","ping_status":"closed","template":"","meta":{"footnotes":""},"class_list":["post-1526","page","type-page","status-publish","hentry"],"_links":{"self":[{"href":"https:\/\/www.sillabi.com\/es\/wp-json\/wp\/v2\/pages\/1526","targetHints":{"allow":["GET"]}}],"collection":[{"href":"https:\/\/www.sillabi.com\/es\/wp-json\/wp\/v2\/pages"}],"about":[{"href":"https:\/\/www.sillabi.com\/es\/wp-json\/wp\/v2\/types\/page"}],"author":[{"embeddable":true,"href":"https:\/\/www.sillabi.com\/es\/wp-json\/wp\/v2\/users\/1"}],"replies":[{"embeddable":true,"href":"https:\/\/www.sillabi.com\/es\/wp-json\/wp\/v2\/comments?post=1526"}],"version-history":[{"count":1,"href":"https:\/\/www.sillabi.com\/es\/wp-json\/wp\/v2\/pages\/1526\/revisions"}],"predecessor-version":[{"id":1533,"href":"https:\/\/www.sillabi.com\/es\/wp-json\/wp\/v2\/pages\/1526\/revisions\/1533"}],"wp:attachment":[{"href":"https:\/\/www.sillabi.com\/es\/wp-json\/wp\/v2\/media?parent=1526"}],"curies":[{"name":"wp","href":"https:\/\/api.w.org\/{rel}","templated":true}]}}