{"id":1525,"date":"2025-10-15T13:24:04","date_gmt":"2025-10-15T11:24:04","guid":{"rendered":"https:\/\/www.sillabi.com\/who-we-are\/"},"modified":"2025-10-15T13:30:04","modified_gmt":"2025-10-15T11:30:04","slug":"who-we-are","status":"publish","type":"page","link":"https:\/\/www.sillabi.com\/de\/who-we-are\/","title":{"rendered":"Wer wir sind"},"content":{"rendered":"\n<h2 class=\"wp-block-heading\">Vertrauen Sie unserem Expertenteam an!<\/h2>\n\n\n\n<p>Sillabi stellt Ihnen erstklassige Lerninhalte zur Verf\u00fcgung. Alle Inhalte wurden auf Grund einer von erfahrenen Lehrern erarbeiteten Lernmethode konzepiert.<\/p>\n\n\n\n<h2 class=\"wp-block-heading\">\u00dcber uns\u2026<\/h2>\n\n\n\n<p>Sillabi ist die neue Platform f\u00fcr Sprachenlernen online der Firma <a href=\"http:\/\/www.capturator.com\" target=\"_blank\" rel=\"noreferrer noopener\">Capturator<\/a> Die seit 20 Jahren Online-Sprachinhalte f\u00fcr Betriebe und Universit\u00e4ten produziert. Auf Sillabi sind unsere qualitativ hochwertigen und von erstklassigen Universit\u00e4ten verwendeten Kurse jetzt auch f\u00fcr individuelle Benutzer zug\u00e4nglich.<\/p>\n\n\n\n<figure class=\"wp-block-image size-full\"><img loading=\"lazy\" decoding=\"async\" width=\"1020\" height=\"860\" src=\"https:\/\/www.sillabi.com\/wp-content\/uploads\/2025\/10\/bulding@2x.png\" alt=\"\" class=\"wp-image-1516\"\/><\/figure>\n","protected":false},"excerpt":{"rendered":"<p>Vertrauen Sie unserem Expertenteam an! Sillabi stellt Ihnen erstklassige Lerninhalte zur Verf\u00fcgung. Alle Inhalte wurden auf Grund [&hellip;]<\/p>\n","protected":false},"author":1,"featured_media":0,"parent":0,"menu_order":0,"comment_status":"closed","ping_status":"closed","template":"","meta":{"footnotes":""},"class_list":["post-1525","page","type-page","status-publish","hentry"],"_links":{"self":[{"href":"https:\/\/www.sillabi.com\/de\/wp-json\/wp\/v2\/pages\/1525","targetHints":{"allow":["GET"]}}],"collection":[{"href":"https:\/\/www.sillabi.com\/de\/wp-json\/wp\/v2\/pages"}],"about":[{"href":"https:\/\/www.sillabi.com\/de\/wp-json\/wp\/v2\/types\/page"}],"author":[{"embeddable":true,"href":"https:\/\/www.sillabi.com\/de\/wp-json\/wp\/v2\/users\/1"}],"replies":[{"embeddable":true,"href":"https:\/\/www.sillabi.com\/de\/wp-json\/wp\/v2\/comments?post=1525"}],"version-history":[{"count":1,"href":"https:\/\/www.sillabi.com\/de\/wp-json\/wp\/v2\/pages\/1525\/revisions"}],"predecessor-version":[{"id":1532,"href":"https:\/\/www.sillabi.com\/de\/wp-json\/wp\/v2\/pages\/1525\/revisions\/1532"}],"wp:attachment":[{"href":"https:\/\/www.sillabi.com\/de\/wp-json\/wp\/v2\/media?parent=1525"}],"curies":[{"name":"wp","href":"https:\/\/api.w.org\/{rel}","templated":true}]}}